{"id":1045,"date":"2026-02-08T09:21:02","date_gmt":"2026-02-08T08:21:02","guid":{"rendered":"https:\/\/embarknautical.com\/?page_id=1045"},"modified":"2026-02-08T09:21:09","modified_gmt":"2026-02-08T08:21:09","slug":"company-information","status":"publish","type":"page","link":"https:\/\/embarknautical.com\/it\/company-information\/","title":{"rendered":"Company Information"},"content":{"rendered":"<p>PODACI O TVRTKI<\/p>\n\n\n\n<p>Naziv trgovca: Embark d.o.o.<br>Trgova\u010dko ime: Embark Nautical<\/p>\n\n\n\n<p>Sjedi\u0161te:<br>Brdo I 20<br>21405 Milna<br>Hrvatska<\/p>\n\n\n\n<p>OIB: 98373028051<br>PDV identifikacijski broj: HR98373028051<\/p>\n\n\n\n<p>Sudski registar:<br>Trgova\u010dki sud u Splitu<\/p>\n\n\n\n<p>E-mail: info@embarknautical.com<\/p>\n\n\n\n<hr class=\"wp-block-separator has-alpha-channel-opacity\"\/>\n\n\n\n<p>COMPANY INFORMATION<\/p>\n\n\n\n<p>Legal name: Embark d.o.o.<br>Trading name: Embark Nautical<\/p>\n\n\n\n<p>Registered address:<br>Brdo I 20<br>21405 Milna<br>Croatia<\/p>\n\n\n\n<p>Company ID (OIB): 98373028051<br>VAT ID: HR98373028051<\/p>\n\n\n\n<p>Court registration:<br>Commercial Court in Split<\/p>\n\n\n\n<p>Email: info@embarknautical.com<\/p>","protected":false},"excerpt":{"rendered":"<p>PODACI O TVRTKI Naziv trgovca: Embark d.o.o.Trgova\u010dko ime: Embark Nautical Sjedi\u0161te:Brdo I 2021405 MilnaHrvatska OIB: 98373028051PDV identifikacijski broj: HR98373028051 Sudski registar:Trgova\u010dki sud u Splitu E-mail: info@embarknautical.com COMPANY INFORMATION Legal name: Embark d.o.o.Trading name: Embark Nautical Registered address:Brdo I 2021405 MilnaCroatia Company ID (OIB): 98373028051VAT ID: HR98373028051 Court registration:Commercial Court in Split Email: info@embarknautical.com<\/p>","protected":false},"author":1,"featured_media":0,"parent":0,"menu_order":0,"comment_status":"closed","ping_status":"closed","template":"","meta":{"footnotes":""},"class_list":["post-1045","page","type-page","status-publish","hentry"],"_links":{"self":[{"href":"https:\/\/embarknautical.com\/it\/wp-json\/wp\/v2\/pages\/1045","targetHints":{"allow":["GET"]}}],"collection":[{"href":"https:\/\/embarknautical.com\/it\/wp-json\/wp\/v2\/pages"}],"about":[{"href":"https:\/\/embarknautical.com\/it\/wp-json\/wp\/v2\/types\/page"}],"author":[{"embeddable":true,"href":"https:\/\/embarknautical.com\/it\/wp-json\/wp\/v2\/users\/1"}],"replies":[{"embeddable":true,"href":"https:\/\/embarknautical.com\/it\/wp-json\/wp\/v2\/comments?post=1045"}],"version-history":[{"count":1,"href":"https:\/\/embarknautical.com\/it\/wp-json\/wp\/v2\/pages\/1045\/revisions"}],"predecessor-version":[{"id":1046,"href":"https:\/\/embarknautical.com\/it\/wp-json\/wp\/v2\/pages\/1045\/revisions\/1046"}],"wp:attachment":[{"href":"https:\/\/embarknautical.com\/it\/wp-json\/wp\/v2\/media?parent=1045"}],"curies":[{"name":"wp","href":"https:\/\/api.w.org\/{rel}","templated":true}]}}